{"id":3412,"date":"2021-11-04T11:45:08","date_gmt":"2021-11-04T11:45:08","guid":{"rendered":"https:\/\/fredrik-eriksson.se\/kontakt-os\/"},"modified":"2023-10-17T10:22:23","modified_gmt":"2023-10-17T10:22:23","slug":"kontakt-os","status":"publish","type":"page","link":"https:\/\/fredrik-eriksson.se\/da\/kontakt-os\/","title":{"rendered":"Kontakt os"},"content":{"rendered":"\t\t<div data-elementor-type=\"wp-page\" data-elementor-id=\"3412\" class=\"elementor elementor-3412 elementor-1613\">\n\t\t\t\t\t\t<section class=\"elementor-section elementor-top-section elementor-element elementor-element-caffc90 elementor-section-boxed elementor-section-height-default elementor-section-height-default\" data-id=\"caffc90\" data-element_type=\"section\">\n\t\t\t\t\t\t<div class=\"elementor-container elementor-column-gap-custom\">\n\t\t\t\t\t<div class=\"elementor-column elementor-col-100 elementor-top-column elementor-element elementor-element-93fc17a\" data-id=\"93fc17a\" data-element_type=\"column\">\n\t\t\t<div class=\"elementor-widget-wrap elementor-element-populated\">\n\t\t\t\t\t\t<div class=\"elementor-element elementor-element-c186811 elementor-widget elementor-widget-foxiz-heading\" data-id=\"c186811\" data-element_type=\"widget\" data-widget_type=\"foxiz-heading.default\">\n\t\t\t\t<div class=\"elementor-widget-container\">\n\t\t\t\t\t<div id=\"uid_c186811\" class=\"block-h heading-layout-c10\"><div class=\"heading-inner\"><h3 class=\"heading-title\"><span>Kontakt<\/span><\/h3><\/div><\/div>\t\t\t\t<\/div>\n\t\t\t\t<\/div>\n\t\t\t\t<div class=\"elementor-element elementor-element-25c3c22 elementor-widget elementor-widget-foxiz-heading\" data-id=\"25c3c22\" data-element_type=\"widget\" data-widget_type=\"foxiz-heading.default\">\n\t\t\t\t<div class=\"elementor-widget-container\">\n\t\t\t\t\t<div id=\"uid_25c3c22\" class=\"block-h heading-layout-c10\"><div class=\"heading-inner\"><h1 class=\"heading-title\"><span>H\u00e4r kan du kontakta mig<\/span><\/h1><\/div><\/div>\t\t\t\t<\/div>\n\t\t\t\t<\/div>\n\t\t\t\t\t<\/div>\n\t\t<\/div>\n\t\t\t\t\t<\/div>\n\t\t<\/section>\n\t\t\t\t<section class=\"elementor-section elementor-top-section elementor-element elementor-element-6ba5260 elementor-section-boxed elementor-section-height-default elementor-section-height-default\" data-id=\"6ba5260\" data-element_type=\"section\">\n\t\t\t\t\t\t<div class=\"elementor-container elementor-column-gap-custom\">\n\t\t\t\t\t<div class=\"elementor-column elementor-col-66 elementor-top-column elementor-element elementor-element-ffe814a\" data-id=\"ffe814a\" data-element_type=\"column\">\n\t\t\t<div class=\"elementor-widget-wrap elementor-element-populated\">\n\t\t\t\t\t\t<div class=\"elementor-element elementor-element-f1dbc5f elementor-widget elementor-widget-text-editor\" data-id=\"f1dbc5f\" data-element_type=\"widget\" data-widget_type=\"text-editor.default\">\n\t\t\t\t<div class=\"elementor-widget-container\">\n\t\t\t\t\t\t\t\t\t<h2>Kontakt os<\/h2>\n<p>Jeg v\u00e6rds\u00e6tter din feedback og dine sp\u00f8rgsm\u00e5l. Hvis du vil i kontakt med mig ang\u00e5ende iGaming-nyheder, samarbejder, forslag eller andet, kan du bruge en af f\u00f8lgende m\u00e5der:<\/p>\n<div class=\"wpforms-container wpforms-container-full wpforms-render-modern\" id=\"wpforms-432\">Please enable JavaScript in your browser to complete this form.<div class=\"wpforms-hidden\" id=\"wpforms-error-noscript\">Please enable JavaScript in your browser to complete this form.<\/div><div class=\"wpforms-field-container\"><div id=\"wpforms-432-field_0-container\" class=\"wpforms-field wpforms-field-name\" data-field-id=\"0\"><label class=\"wpforms-field-label\" for=\"wpforms-432-field_0\">Name <span class=\"wpforms-required-label\" aria-hidden=\"true\">*<\/span><\/label><\/div><div id=\"wpforms-432-field_8-container\" class=\"wpforms-field wpforms-field-checkbox\" data-field-id=\"8\"><fieldset><legend class=\"wpforms-field-label\">Why are you contacting us?<\/legend><ul id=\"wpforms-432-field_8\"><li class=\"choice-1 depth-1\"><label class=\"wpforms-field-label-inline\" for=\"wpforms-432-field_8_1\">Advertising<\/label><\/li><li class=\"choice-2 depth-1\"><label class=\"wpforms-field-label-inline\" for=\"wpforms-432-field_8_2\">Tips<\/label><\/li><li class=\"choice-3 depth-1\"><label class=\"wpforms-field-label-inline\" for=\"wpforms-432-field_8_3\">Other<\/label><\/li><\/ul><\/fieldset><\/div><div id=\"wpforms-432-field_7-container\" class=\"wpforms-field wpforms-field-text\" data-field-id=\"7\"><label class=\"wpforms-field-label\" for=\"wpforms-432-field_7\">Your company name<\/label><\/div><div id=\"wpforms-432-field_6-container\" class=\"wpforms-field wpforms-field-email\" data-field-id=\"6\"><label class=\"wpforms-field-label\" for=\"wpforms-432-field_6\">Email  <span class=\"wpforms-required-label\" aria-hidden=\"true\">*<\/span><\/label><\/div><div id=\"wpforms-432-field_2-container\" class=\"wpforms-field wpforms-field-textarea\" data-field-id=\"2\"><label class=\"wpforms-field-label\" for=\"wpforms-432-field_2\">Your message <span class=\"wpforms-required-label\" aria-hidden=\"true\">*<\/span><\/label><textarea id=\"wpforms-432-field_2\" class=\"wpforms-field-medium wpforms-field-required\" name=\"wpforms[fields][2]\"><\/textarea><\/div><\/div><!-- .wpforms-field-container --><div class=\"wpforms-recaptcha-container wpforms-is-hcaptcha\"><div class=\"g-recaptcha\" data-sitekey=\"34fbaa3f-2deb-4ed1-8fba-3f7e900742ec\"><\/div><\/div><div class=\"wpforms-submit-container\"><button type=\"submit\" name=\"wpforms[submit]\" id=\"wpforms-submit-432\" class=\"wpforms-submit\" data-alt-text=\"Sending...\" data-submit-text=\"Send\" aria-live=\"assertive\" value=\"wpforms-submit\">Send<\/button><img loading=\"lazy\" loading=\"lazy\" decoding=\"async\" src=\"https:\/\/fredrik-eriksson.se\/wp-content\/plugins\/wpforms-lite\/assets\/images\/submit-spin.svg\" class=\"wpforms-submit-spinner\" width=\"26\" height=\"26\" alt=\"Loading\"><\/div><\/div>  <!-- .wpforms-container --><\/p>\n\t\t\t\t\t\t\t\t<\/div>\n\t\t\t\t<\/div>\n\t\t\t\t\t<\/div>\n\t\t<\/div>\n\t\t\t\t<div class=\"elementor-column elementor-col-33 elementor-top-column elementor-element elementor-element-75972dc\" data-id=\"75972dc\" data-element_type=\"column\">\n\t\t\t<div class=\"elementor-widget-wrap\">\n\t\t\t\t\t\t\t<\/div>\n\t\t<\/div>\n\t\t\t\t\t<\/div>\n\t\t<\/section>\n\t\t\t\t<\/div>\n\t\t","protected":false},"excerpt":{"rendered":"<p>Kontakt H\u00e4r kan du kontakta mig Kontakt os Jeg v\u00e6rds\u00e6tter din feedback og dine sp\u00f8rgsm\u00e5l. Hvis du vil i kontakt med mig ang\u00e5ende iGaming-nyheder, samarbejder, forslag eller andet, kan du bruge en af f\u00f8lgende m\u00e5der:<\/p>\n","protected":false},"author":1,"featured_media":0,"parent":0,"menu_order":0,"comment_status":"closed","ping_status":"closed","template":"","meta":{"footnotes":""},"class_list":["post-3412","page","type-page","status-publish"],"yoast_head":"<!-- This site is optimized with the Yoast SEO plugin v24.5 - https:\/\/yoast.com\/wordpress\/plugins\/seo\/ -->\n<title>Kontakt os - Fredrik Eriksson<\/title>\n<meta name=\"robots\" content=\"index, follow, max-snippet:-1, max-image-preview:large, max-video-preview:-1\" \/>\n<link rel=\"canonical\" href=\"https:\/\/fredrik-eriksson.se\/contact\/\" \/>\n<meta property=\"og:locale\" content=\"da_DK\" \/>\n<meta property=\"og:type\" content=\"article\" \/>\n<meta property=\"og:title\" content=\"Kontakt os - Fredrik Eriksson\" \/>\n<meta property=\"og:description\" content=\"Kontakt H\u00e4r kan du kontakta mig Kontakt os Jeg v\u00e6rds\u00e6tter din feedback og dine sp\u00f8rgsm\u00e5l. Hvis du vil i kontakt med mig ang\u00e5ende iGaming-nyheder, samarbejder, forslag eller andet, kan du bruge en af f\u00f8lgende m\u00e5der:\" \/>\n<meta property=\"og:url\" content=\"https:\/\/fredrik-eriksson.se\/contact\/\" \/>\n<meta property=\"og:site_name\" content=\"Fredrik Eriksson\" \/>\n<meta property=\"article:modified_time\" content=\"2023-10-17T10:22:23+00:00\" \/>\n<meta name=\"twitter:card\" content=\"summary_large_image\" \/>\n<script type=\"application\/ld+json\" class=\"yoast-schema-graph\">{\"@context\":\"https:\/\/schema.org\",\"@graph\":[{\"@type\":\"WebPage\",\"@id\":\"https:\/\/fredrik-eriksson.se\/contact\/\",\"url\":\"https:\/\/fredrik-eriksson.se\/contact\/\",\"name\":\"Kontakt os - Fredrik Eriksson\",\"isPartOf\":{\"@id\":\"https:\/\/fredrik-eriksson.se\/#website\"},\"datePublished\":\"2021-11-04T11:45:08+00:00\",\"dateModified\":\"2023-10-17T10:22:23+00:00\",\"breadcrumb\":{\"@id\":\"https:\/\/fredrik-eriksson.se\/contact\/#breadcrumb\"},\"inLanguage\":\"da-DK\",\"potentialAction\":[{\"@type\":\"ReadAction\",\"target\":[\"https:\/\/fredrik-eriksson.se\/contact\/\"]}]},{\"@type\":\"BreadcrumbList\",\"@id\":\"https:\/\/fredrik-eriksson.se\/contact\/#breadcrumb\",\"itemListElement\":[{\"@type\":\"ListItem\",\"position\":1,\"name\":\"Hem\",\"item\":\"https:\/\/fredrik-eriksson.se\/\"},{\"@type\":\"ListItem\",\"position\":2,\"name\":\"Kontakt os\"}]},{\"@type\":\"WebSite\",\"@id\":\"https:\/\/fredrik-eriksson.se\/#website\",\"url\":\"https:\/\/fredrik-eriksson.se\/\",\"name\":\"Fredrik Eriksson\",\"description\":\"\",\"potentialAction\":[{\"@type\":\"SearchAction\",\"target\":{\"@type\":\"EntryPoint\",\"urlTemplate\":\"https:\/\/fredrik-eriksson.se\/?s={search_term_string}\"},\"query-input\":{\"@type\":\"PropertyValueSpecification\",\"valueRequired\":true,\"valueName\":\"search_term_string\"}}],\"inLanguage\":\"da-DK\"}]}<\/script>\n<!-- \/ Yoast SEO plugin. -->","yoast_head_json":{"title":"Kontakt os - Fredrik Eriksson","robots":{"index":"index","follow":"follow","max-snippet":"max-snippet:-1","max-image-preview":"max-image-preview:large","max-video-preview":"max-video-preview:-1"},"canonical":"https:\/\/fredrik-eriksson.se\/contact\/","og_locale":"da_DK","og_type":"article","og_title":"Kontakt os - Fredrik Eriksson","og_description":"Kontakt H\u00e4r kan du kontakta mig Kontakt os Jeg v\u00e6rds\u00e6tter din feedback og dine sp\u00f8rgsm\u00e5l. Hvis du vil i kontakt med mig ang\u00e5ende iGaming-nyheder, samarbejder, forslag eller andet, kan du bruge en af f\u00f8lgende m\u00e5der:","og_url":"https:\/\/fredrik-eriksson.se\/contact\/","og_site_name":"Fredrik Eriksson","article_modified_time":"2023-10-17T10:22:23+00:00","twitter_card":"summary_large_image","schema":{"@context":"https:\/\/schema.org","@graph":[{"@type":"WebPage","@id":"https:\/\/fredrik-eriksson.se\/contact\/","url":"https:\/\/fredrik-eriksson.se\/contact\/","name":"Kontakt os - Fredrik Eriksson","isPartOf":{"@id":"https:\/\/fredrik-eriksson.se\/#website"},"datePublished":"2021-11-04T11:45:08+00:00","dateModified":"2023-10-17T10:22:23+00:00","breadcrumb":{"@id":"https:\/\/fredrik-eriksson.se\/contact\/#breadcrumb"},"inLanguage":"da-DK","potentialAction":[{"@type":"ReadAction","target":["https:\/\/fredrik-eriksson.se\/contact\/"]}]},{"@type":"BreadcrumbList","@id":"https:\/\/fredrik-eriksson.se\/contact\/#breadcrumb","itemListElement":[{"@type":"ListItem","position":1,"name":"Hem","item":"https:\/\/fredrik-eriksson.se\/"},{"@type":"ListItem","position":2,"name":"Kontakt os"}]},{"@type":"WebSite","@id":"https:\/\/fredrik-eriksson.se\/#website","url":"https:\/\/fredrik-eriksson.se\/","name":"Fredrik Eriksson","description":"","potentialAction":[{"@type":"SearchAction","target":{"@type":"EntryPoint","urlTemplate":"https:\/\/fredrik-eriksson.se\/?s={search_term_string}"},"query-input":{"@type":"PropertyValueSpecification","valueRequired":true,"valueName":"search_term_string"}}],"inLanguage":"da-DK"}]}},"_links":{"self":[{"href":"https:\/\/fredrik-eriksson.se\/da\/wp-json\/wp\/v2\/pages\/3412","targetHints":{"allow":["GET"]}}],"collection":[{"href":"https:\/\/fredrik-eriksson.se\/da\/wp-json\/wp\/v2\/pages"}],"about":[{"href":"https:\/\/fredrik-eriksson.se\/da\/wp-json\/wp\/v2\/types\/page"}],"author":[{"embeddable":true,"href":"https:\/\/fredrik-eriksson.se\/da\/wp-json\/wp\/v2\/users\/1"}],"replies":[{"embeddable":true,"href":"https:\/\/fredrik-eriksson.se\/da\/wp-json\/wp\/v2\/comments?post=3412"}],"version-history":[{"count":1,"href":"https:\/\/fredrik-eriksson.se\/da\/wp-json\/wp\/v2\/pages\/3412\/revisions"}],"predecessor-version":[{"id":3415,"href":"https:\/\/fredrik-eriksson.se\/da\/wp-json\/wp\/v2\/pages\/3412\/revisions\/3415"}],"wp:attachment":[{"href":"https:\/\/fredrik-eriksson.se\/da\/wp-json\/wp\/v2\/media?parent=3412"}],"curies":[{"name":"wp","href":"https:\/\/api.w.org\/{rel}","templated":true}]}}